{"id":21,"date":"2020-12-08T03:53:12","date_gmt":"2020-12-08T03:53:12","guid":{"rendered":"https:\/\/gaviaspreview.com\/wp\/zilom\/?page_id=21"},"modified":"2025-07-30T05:27:19","modified_gmt":"2025-07-30T05:27:19","slug":"about","status":"publish","type":"page","link":"https:\/\/mindsetandreset.com.mx\/en\/about\/","title":{"rendered":"Nuestro equipo"},"content":{"rendered":"<div data-elementor-type=\"wp-page\" data-elementor-id=\"21\" class=\"elementor elementor-21\">\n\t\t\t\t<div class=\"elementor-element elementor-element-26624b3 e-flex e-con-boxed e-con e-parent\" data-id=\"26624b3\" data-element_type=\"container\" data-settings=\"{&quot;background_background&quot;:&quot;classic&quot;}\">\n\t\t\t\t\t<div class=\"e-con-inner\">\n\t\t\t\t<div class=\"elementor-element elementor-element-0b3ea38 elementor-widget elementor-widget-spacer\" data-id=\"0b3ea38\" data-element_type=\"widget\" data-widget_type=\"spacer.default\">\n\t\t\t\t<div class=\"elementor-widget-container\">\n\t\t\t\t\t\t\t<div class=\"elementor-spacer\">\n\t\t\t<div class=\"elementor-spacer-inner\"><\/div>\n\t\t<\/div>\n\t\t\t\t\t\t<\/div>\n\t\t\t\t<\/div>\n\t\t<div class=\"elementor-element elementor-element-bb766bd e-con-full e-flex e-con e-child\" data-id=\"bb766bd\" data-element_type=\"container\">\n\t\t\t\t<div class=\"elementor-element elementor-element-ecdd79b elementor-widget elementor-widget-image\" data-id=\"ecdd79b\" data-element_type=\"widget\" data-widget_type=\"image.default\">\n\t\t\t\t<div class=\"elementor-widget-container\">\n\t\t\t\t\t\t\t\t\t\t\t\t\t\t\t<img fetchpriority=\"high\" decoding=\"async\" width=\"800\" height=\"800\" src=\"https:\/\/mindsetandreset.com.mx\/wp-content\/uploads\/2025\/07\/flroas-1024x1024.png\" class=\"attachment-large size-large wp-image-2376\" alt=\"\" srcset=\"https:\/\/mindsetandreset.com.mx\/wp-content\/uploads\/2025\/07\/flroas-1024x1024.png 1024w, https:\/\/mindsetandreset.com.mx\/wp-content\/uploads\/2025\/07\/flroas-600x600.png 600w, https:\/\/mindsetandreset.com.mx\/wp-content\/uploads\/2025\/07\/flroas-180x180.png 180w, https:\/\/mindsetandreset.com.mx\/wp-content\/uploads\/2025\/07\/flroas-768x768.png 768w, https:\/\/mindsetandreset.com.mx\/wp-content\/uploads\/2025\/07\/flroas-300x300.png 300w, https:\/\/mindsetandreset.com.mx\/wp-content\/uploads\/2025\/07\/flroas-100x100.png 100w, https:\/\/mindsetandreset.com.mx\/wp-content\/uploads\/2025\/07\/flroas.png 1080w\" sizes=\"(max-width: 800px) 100vw, 800px\" \/>\t\t\t\t\t\t\t\t\t\t\t\t\t\t\t<\/div>\n\t\t\t\t<\/div>\n\t\t\t\t<div class=\"elementor-element elementor-element-73649b8 elementor-widget elementor-widget-heading\" data-id=\"73649b8\" data-element_type=\"widget\" data-widget_type=\"heading.default\">\n\t\t\t\t<div class=\"elementor-widget-container\">\n\t\t\t\t\t<h2 class=\"elementor-heading-title elementor-size-default\">NUESTRO EQUIPO<\/h2>\t\t\t\t<\/div>\n\t\t\t\t<\/div>\n\t\t\t\t<div class=\"elementor-element elementor-element-0aff1ff elementor-widget elementor-widget-spacer\" data-id=\"0aff1ff\" data-element_type=\"widget\" data-widget_type=\"spacer.default\">\n\t\t\t\t<div class=\"elementor-widget-container\">\n\t\t\t\t\t\t\t<div class=\"elementor-spacer\">\n\t\t\t<div class=\"elementor-spacer-inner\"><\/div>\n\t\t<\/div>\n\t\t\t\t\t\t<\/div>\n\t\t\t\t<\/div>\n\t\t\t\t<\/div>\n\t\t\t\t\t<\/div>\n\t\t\t\t<\/div>\n\t\t<div class=\"elementor-element elementor-element-7805df1 e-flex e-con-boxed e-con e-parent\" data-id=\"7805df1\" data-element_type=\"container\">\n\t\t\t\t\t<div class=\"e-con-inner\">\n\t\t<div class=\"elementor-element elementor-element-41dbc01 e-con-full e-flex e-con e-child\" data-id=\"41dbc01\" data-element_type=\"container\">\n\t\t<div class=\"elementor-element elementor-element-5595d29 e-con-full e-flex e-con e-child\" data-id=\"5595d29\" data-element_type=\"container\">\n\t\t\t\t<div class=\"elementor-element elementor-element-b5f2d36 elementor-widget elementor-widget-image\" data-id=\"b5f2d36\" data-element_type=\"widget\" data-widget_type=\"image.default\">\n\t\t\t\t<div class=\"elementor-widget-container\">\n\t\t\t\t\t\t\t\t\t\t\t\t\t\t\t<img decoding=\"async\" width=\"747\" height=\"1013\" src=\"https:\/\/mindsetandreset.com.mx\/wp-content\/uploads\/2022\/05\/DIANA-RODRIGUEZ.jpeg\" class=\"attachment-large size-large wp-image-1391\" alt=\"\" srcset=\"https:\/\/mindsetandreset.com.mx\/wp-content\/uploads\/2022\/05\/DIANA-RODRIGUEZ.jpeg 747w, https:\/\/mindsetandreset.com.mx\/wp-content\/uploads\/2022\/05\/DIANA-RODRIGUEZ-600x814.jpeg 600w\" sizes=\"(max-width: 747px) 100vw, 747px\" \/>\t\t\t\t\t\t\t\t\t\t\t\t\t\t\t<\/div>\n\t\t\t\t<\/div>\n\t\t\t\t<\/div>\n\t\t<div class=\"elementor-element elementor-element-fca0d46 e-con-full e-flex e-con e-child\" data-id=\"fca0d46\" data-element_type=\"container\">\n\t\t\t\t<div class=\"elementor-element elementor-element-89a6ea7 elementor-widget elementor-widget-heading\" data-id=\"89a6ea7\" data-element_type=\"widget\" data-widget_type=\"heading.default\">\n\t\t\t\t<div class=\"elementor-widget-container\">\n\t\t\t\t\t<h2 class=\"elementor-heading-title elementor-size-default\">L.A.E. Diana Rodr\u00edguez Orozco<\/h2>\t\t\t\t<\/div>\n\t\t\t\t<\/div>\n\t\t\t\t<div class=\"elementor-element elementor-element-074d5a1 elementor-widget elementor-widget-text-editor\" data-id=\"074d5a1\" data-element_type=\"widget\" data-widget_type=\"text-editor.default\">\n\t\t\t\t<div class=\"elementor-widget-container\">\n\t\t\t\t\t\t\t\t\t<p><strong>CO &#8211; FUNDADORA<\/strong><\/p>\t\t\t\t\t\t\t\t<\/div>\n\t\t\t\t<\/div>\n\t\t\t\t<div class=\"elementor-element elementor-element-aafe66c elementor-widget elementor-widget-text-editor\" data-id=\"aafe66c\" data-element_type=\"widget\" data-widget_type=\"text-editor.default\">\n\t\t\t\t<div class=\"elementor-widget-container\">\n\t\t\t\t\t\t\t\t\t<p class=\"p1\">\u2022 Terapeuta psicocorporal (Core Energetics, Nueva York)<\/p><p class=\"p1\">\u2022 Administraci\u00f3n de la Felicidad (Universidad de Harvard)<\/p><p class=\"p1\">\u2022 Facilitadora de Mindfulness (Instituto Mexicano de Mindfulness)<\/p><p class=\"p1\">\u2022 Espectros de la Conciencia (Universidad de California)<\/p><p class=\"p1\">\u2022 Sanaci\u00f3n cu\u00e1ntica .<\/p><p class=\"p1\">\u2022 Terapeuta de biomagnetismo y bioenerg\u00e9tica.<\/p>\t\t\t\t\t\t\t\t<\/div>\n\t\t\t\t<\/div>\n\t\t\t\t<\/div>\n\t\t\t\t<\/div>\n\t\t\t\t\t<\/div>\n\t\t\t\t<\/div>\n\t\t<div class=\"elementor-element elementor-element-53f504a e-flex e-con-boxed e-con e-parent\" data-id=\"53f504a\" data-element_type=\"container\" data-settings=\"{&quot;background_background&quot;:&quot;classic&quot;}\">\n\t\t\t\t\t<div class=\"e-con-inner\">\n\t\t<div class=\"elementor-element elementor-element-fd016d9 e-con-full e-flex e-con e-child\" data-id=\"fd016d9\" data-element_type=\"container\">\n\t\t<div class=\"elementor-element elementor-element-9abde31 e-con-full e-flex e-con e-child\" data-id=\"9abde31\" data-element_type=\"container\">\n\t\t\t\t<div class=\"elementor-element elementor-element-e72e250 elementor-widget elementor-widget-image\" data-id=\"e72e250\" data-element_type=\"widget\" data-widget_type=\"image.default\">\n\t\t\t\t<div class=\"elementor-widget-container\">\n\t\t\t\t\t\t\t\t\t\t\t\t\t\t\t<img decoding=\"async\" width=\"800\" height=\"792\" src=\"https:\/\/mindsetandreset.com.mx\/wp-content\/uploads\/2020\/12\/TEJAS-VIT.jpeg\" class=\"attachment-large size-large wp-image-1400\" alt=\"\" srcset=\"https:\/\/mindsetandreset.com.mx\/wp-content\/uploads\/2020\/12\/TEJAS-VIT.jpeg 1024w, https:\/\/mindsetandreset.com.mx\/wp-content\/uploads\/2020\/12\/TEJAS-VIT-100x100.jpeg 100w, https:\/\/mindsetandreset.com.mx\/wp-content\/uploads\/2020\/12\/TEJAS-VIT-600x594.jpeg 600w, https:\/\/mindsetandreset.com.mx\/wp-content\/uploads\/2020\/12\/TEJAS-VIT-768x761.jpeg 768w\" sizes=\"(max-width: 800px) 100vw, 800px\" \/>\t\t\t\t\t\t\t\t\t\t\t\t\t\t\t<\/div>\n\t\t\t\t<\/div>\n\t\t\t\t<\/div>\n\t\t<div class=\"elementor-element elementor-element-ace99fa e-con-full e-flex e-con e-child\" data-id=\"ace99fa\" data-element_type=\"container\">\n\t\t\t\t<div class=\"elementor-element elementor-element-fea4c96 elementor-widget elementor-widget-heading\" data-id=\"fea4c96\" data-element_type=\"widget\" data-widget_type=\"heading.default\">\n\t\t\t\t<div class=\"elementor-widget-container\">\n\t\t\t\t\t<h2 class=\"elementor-heading-title elementor-size-default\">Tejas Vit<\/h2>\t\t\t\t<\/div>\n\t\t\t\t<\/div>\n\t\t\t\t<div class=\"elementor-element elementor-element-a969a3f elementor-widget elementor-widget-text-editor\" data-id=\"a969a3f\" data-element_type=\"widget\" data-widget_type=\"text-editor.default\">\n\t\t\t\t<div class=\"elementor-widget-container\">\n\t\t\t\t\t\t\t\t\t<p><strong>CO &#8211; FUNDADOR<\/strong><\/p>\t\t\t\t\t\t\t\t<\/div>\n\t\t\t\t<\/div>\n\t\t\t\t<div class=\"elementor-element elementor-element-dd6e6b1 elementor-widget elementor-widget-text-editor\" data-id=\"dd6e6b1\" data-element_type=\"widget\" data-widget_type=\"text-editor.default\">\n\t\t\t\t<div class=\"elementor-widget-container\">\n\t\t\t\t\t\t\t\t\t<p class=\"p1\">\u2022 M\u00fasico terapeuta y compositor, experto en cim\u00e1tica celular, monje Vaisnava con 40 a\u00f1os de pr\u00e1ctica. Maestro de Sydhanta yoga y astrolog\u00eda v\u00e9dica.<\/p>\t\t\t\t\t\t\t\t<\/div>\n\t\t\t\t<\/div>\n\t\t\t\t<\/div>\n\t\t\t\t<\/div>\n\t\t\t\t\t<\/div>\n\t\t\t\t<\/div>\n\t\t<div class=\"elementor-element elementor-element-0d8aca2 e-flex e-con-boxed e-con e-parent\" data-id=\"0d8aca2\" data-element_type=\"container\">\n\t\t\t\t\t<div class=\"e-con-inner\">\n\t\t<div class=\"elementor-element elementor-element-2c478d2 e-con-full e-flex e-con e-child\" data-id=\"2c478d2\" data-element_type=\"container\">\n\t\t<div class=\"elementor-element elementor-element-f252c95 e-con-full e-flex e-con e-child\" data-id=\"f252c95\" data-element_type=\"container\">\n\t\t\t\t<div class=\"elementor-element elementor-element-6996456 elementor-widget elementor-widget-image\" data-id=\"6996456\" data-element_type=\"widget\" data-widget_type=\"image.default\">\n\t\t\t\t<div class=\"elementor-widget-container\">\n\t\t\t\t\t\t\t\t\t\t\t\t\t\t\t<img loading=\"lazy\" decoding=\"async\" width=\"800\" height=\"692\" src=\"https:\/\/mindsetandreset.com.mx\/wp-content\/uploads\/2022\/05\/SASLVADOR-DIAZ-1024x886.jpeg\" class=\"attachment-large size-large wp-image-1403\" alt=\"\" srcset=\"https:\/\/mindsetandreset.com.mx\/wp-content\/uploads\/2022\/05\/SASLVADOR-DIAZ-1024x886.jpeg 1024w, https:\/\/mindsetandreset.com.mx\/wp-content\/uploads\/2022\/05\/SASLVADOR-DIAZ-600x519.jpeg 600w, https:\/\/mindsetandreset.com.mx\/wp-content\/uploads\/2022\/05\/SASLVADOR-DIAZ-768x665.jpeg 768w, https:\/\/mindsetandreset.com.mx\/wp-content\/uploads\/2022\/05\/SASLVADOR-DIAZ.jpeg 1280w\" sizes=\"(max-width: 800px) 100vw, 800px\" \/>\t\t\t\t\t\t\t\t\t\t\t\t\t\t\t<\/div>\n\t\t\t\t<\/div>\n\t\t\t\t<\/div>\n\t\t<div class=\"elementor-element elementor-element-3483615 e-con-full e-flex e-con e-child\" data-id=\"3483615\" data-element_type=\"container\">\n\t\t\t\t<div class=\"elementor-element elementor-element-8c51c5a elementor-widget elementor-widget-heading\" data-id=\"8c51c5a\" data-element_type=\"widget\" data-widget_type=\"heading.default\">\n\t\t\t\t<div class=\"elementor-widget-container\">\n\t\t\t\t\t<h2 class=\"elementor-heading-title elementor-size-default\">Salvador D\u00edaz<\/h2>\t\t\t\t<\/div>\n\t\t\t\t<\/div>\n\t\t\t\t<div class=\"elementor-element elementor-element-b487421 elementor-widget elementor-widget-text-editor\" data-id=\"b487421\" data-element_type=\"widget\" data-widget_type=\"text-editor.default\">\n\t\t\t\t<div class=\"elementor-widget-container\">\n\t\t\t\t\t\t\t\t\t<p><strong>CO &#8211; FUNDADOR<\/strong><\/p>\t\t\t\t\t\t\t\t<\/div>\n\t\t\t\t<\/div>\n\t\t\t\t<div class=\"elementor-element elementor-element-b393f91 elementor-widget elementor-widget-text-editor\" data-id=\"b393f91\" data-element_type=\"widget\" data-widget_type=\"text-editor.default\">\n\t\t\t\t<div class=\"elementor-widget-container\">\n\t\t\t\t\t\t\t\t\t<p class=\"p1\">\u2022 Adem\u00e1s de contar con diversas certificaciones como instructor de yoga,<\/p><p class=\"p1\">est\u00e1 avalado por la SEP para impartir yoga y meditaci\u00f3n, y cuenta con diversas especialidades en rehabilitaci\u00f3n f\u00edsiconeuronal.<\/p><p class=\"p1\">\u2022 Tiene m\u00e1s de 15 a\u00f1os de experiencia impartiendo cursos en M\u00e9xico y Brasil. Miembro del proyecto ANIMAH de Conacyt y Polit\u00e9cnico.<\/p>\t\t\t\t\t\t\t\t<\/div>\n\t\t\t\t<\/div>\n\t\t\t\t<\/div>\n\t\t\t\t<\/div>\n\t\t\t\t\t<\/div>\n\t\t\t\t<\/div>\n\t\t<div class=\"elementor-element elementor-element-f449788 e-flex e-con-boxed e-con e-parent\" data-id=\"f449788\" data-element_type=\"container\" data-settings=\"{&quot;background_background&quot;:&quot;classic&quot;}\">\n\t\t\t\t\t<div class=\"e-con-inner\">\n\t\t<div class=\"elementor-element elementor-element-3b2154b e-con-full e-flex e-con e-child\" data-id=\"3b2154b\" data-element_type=\"container\">\n\t\t<div class=\"elementor-element elementor-element-10c2687 e-con-full e-flex e-con e-child\" data-id=\"10c2687\" data-element_type=\"container\">\n\t\t\t\t<div class=\"elementor-element elementor-element-264f161 elementor-widget elementor-widget-image\" data-id=\"264f161\" data-element_type=\"widget\" data-widget_type=\"image.default\">\n\t\t\t\t<div class=\"elementor-widget-container\">\n\t\t\t\t\t\t\t\t\t\t\t\t\t\t\t<img loading=\"lazy\" decoding=\"async\" width=\"768\" height=\"1024\" src=\"https:\/\/mindsetandreset.com.mx\/wp-content\/uploads\/2025\/07\/MBA-Vicente-768x1024.jpeg\" class=\"attachment-large size-large wp-image-2636\" alt=\"\" srcset=\"https:\/\/mindsetandreset.com.mx\/wp-content\/uploads\/2025\/07\/MBA-Vicente-768x1024.jpeg 768w, https:\/\/mindsetandreset.com.mx\/wp-content\/uploads\/2025\/07\/MBA-Vicente-600x800.jpeg 600w, https:\/\/mindsetandreset.com.mx\/wp-content\/uploads\/2025\/07\/MBA-Vicente.jpeg 960w\" sizes=\"(max-width: 768px) 100vw, 768px\" \/>\t\t\t\t\t\t\t\t\t\t\t\t\t\t\t<\/div>\n\t\t\t\t<\/div>\n\t\t\t\t<\/div>\n\t\t<div class=\"elementor-element elementor-element-5c9a02d e-con-full e-flex e-con e-child\" data-id=\"5c9a02d\" data-element_type=\"container\">\n\t\t\t\t<div class=\"elementor-element elementor-element-b8201d8 elementor-widget elementor-widget-heading\" data-id=\"b8201d8\" data-element_type=\"widget\" data-widget_type=\"heading.default\">\n\t\t\t\t<div class=\"elementor-widget-container\">\n\t\t\t\t\t<h2 class=\"elementor-heading-title elementor-size-default\">MBA Vicente Navarrete Flores<\/h2>\t\t\t\t<\/div>\n\t\t\t\t<\/div>\n\t\t\t\t<div class=\"elementor-element elementor-element-1686b5e elementor-widget elementor-widget-text-editor\" data-id=\"1686b5e\" data-element_type=\"widget\" data-widget_type=\"text-editor.default\">\n\t\t\t\t<div class=\"elementor-widget-container\">\n\t\t\t\t\t\t\t\t\t<p>Facilitador VEO<\/p>\t\t\t\t\t\t\t\t<\/div>\n\t\t\t\t<\/div>\n\t\t\t\t<div class=\"elementor-element elementor-element-fa2cc8a elementor-widget elementor-widget-text-editor\" data-id=\"fa2cc8a\" data-element_type=\"widget\" data-widget_type=\"text-editor.default\">\n\t\t\t\t<div class=\"elementor-widget-container\">\n\t\t\t\t\t\t\t\t\t<p class=\"p1\">\u2022 Terapeuta psicocorporal (Core Energetics, Nueva York)<\/p><p class=\"p1\">\u2022 MBA Universidad ITAM<\/p><p class=\"p1\">\u2022 Terapeuta de Biomagnetismo y bioenerg\u00e9tica.<\/p><p class=\"p1\">\u2022 Numer\u00f3logo y sanador cu\u00e1ntico.<\/p>\t\t\t\t\t\t\t\t<\/div>\n\t\t\t\t<\/div>\n\t\t\t\t<\/div>\n\t\t\t\t<\/div>\n\t\t\t\t\t<\/div>\n\t\t\t\t<\/div>\n\t\t\t\t<\/div>","protected":false},"excerpt":{"rendered":"<p>NUESTRO EQUIPO L.A.E. Diana Rodr\u00edguez Orozco CO &#8211; FUNDADORA \u2022 Terapeuta psicocorporal (Core Energetics, Nueva York) \u2022 Administraci\u00f3n de la Felicidad (Universidad de Harvard) \u2022 Facilitadora de Mindfulness (Instituto Mexicano de Mindfulness) \u2022 Espectros de la Conciencia (Universidad de California) \u2022 Sanaci\u00f3n cu\u00e1ntica . \u2022 Terapeuta de biomagnetismo y bioenerg\u00e9tica. Tejas Vit CO &#8211; FUNDADOR [&hellip;]<\/p>","protected":false},"author":1,"featured_media":0,"parent":0,"menu_order":0,"comment_status":"closed","ping_status":"closed","template":"elementor_header_footer","meta":{"footnotes":""},"class_list":["post-21","page","type-page","status-publish","hentry"],"_links":{"self":[{"href":"https:\/\/mindsetandreset.com.mx\/en\/wp-json\/wp\/v2\/pages\/21","targetHints":{"allow":["GET"]}}],"collection":[{"href":"https:\/\/mindsetandreset.com.mx\/en\/wp-json\/wp\/v2\/pages"}],"about":[{"href":"https:\/\/mindsetandreset.com.mx\/en\/wp-json\/wp\/v2\/types\/page"}],"author":[{"embeddable":true,"href":"https:\/\/mindsetandreset.com.mx\/en\/wp-json\/wp\/v2\/users\/1"}],"replies":[{"embeddable":true,"href":"https:\/\/mindsetandreset.com.mx\/en\/wp-json\/wp\/v2\/comments?post=21"}],"version-history":[{"count":104,"href":"https:\/\/mindsetandreset.com.mx\/en\/wp-json\/wp\/v2\/pages\/21\/revisions"}],"predecessor-version":[{"id":2692,"href":"https:\/\/mindsetandreset.com.mx\/en\/wp-json\/wp\/v2\/pages\/21\/revisions\/2692"}],"wp:attachment":[{"href":"https:\/\/mindsetandreset.com.mx\/en\/wp-json\/wp\/v2\/media?parent=21"}],"curies":[{"name":"wp","href":"https:\/\/api.w.org\/{rel}","templated":true}]}}